{"id":7,"date":"2023-01-26T13:51:24","date_gmt":"2023-01-26T12:51:24","guid":{"rendered":"https:\/\/voscreances.be\/?page_id=7"},"modified":"2023-01-27T12:57:27","modified_gmt":"2023-01-27T11:57:27","slug":"a-propos-de","status":"publish","type":"page","link":"https:\/\/voscreances.be\/index.php\/a-propos-de\/","title":{"rendered":"\u00c0 propos de"},"content":{"rendered":"\n<h4 class=\"has-text-align-center has-accent-color has-text-color wp-block-heading\" style=\"font-style:normal;font-weight:300;text-transform:lowercase\">Le site VOSCREANCES.BE a \u00e9t\u00e9 cr\u00e9\u00e9 par la SRL <a href=\"http:\/\/www.vosavocats.be\" target=\"_blank\" rel=\"noreferrer noopener\">VOSAVOCATS.BE<\/a>.<\/h4>\n\n\n\n<div class=\"wp-block-columns alignfull has-background is-layout-flex wp-container-core-columns-is-layout-d0b3c9c8 wp-block-columns-is-layout-flex\" style=\"background:linear-gradient(135deg,rgb(0,80,100) 0%,rgb(113,70,151) 100%)\">\n<div class=\"wp-block-column is-layout-flow wp-block-column-is-layout-flow\"><\/div>\n\n\n\n<div class=\"wp-block-column is-layout-flow wp-block-column-is-layout-flow\"><\/div>\n<\/div>\n\n\n\n<p><em>Nous avons voulu mettre un syst\u00e8me forfaitaire pour VOS r\u00e9cup\u00e9rations de cr\u00e9ances.<\/em><\/p>\n\n\n\n<p><strong><em>En cas de non r\u00e9cup\u00e9ration&nbsp;<\/em><\/strong><em>des sommes dues, vous connaissez le prix forfaitaire qui vous sera r\u00e9clam\u00e9&nbsp;:<\/em><\/p>\n\n\n\n<ul class=\"wp-block-list\">\n<li><em>&nbsp;Dans la phase amiable&nbsp;: co\u00fbt de la mise en demeure = 50 \u20ac HTVA&nbsp;<\/em><\/li>\n<\/ul>\n\n\n\n<ul class=\"wp-block-list\">\n<li><em>Dans la phase contentieuse&nbsp;: Le montant minimal de l\u2019indemnit\u00e9 de proc\u00e9dure HTVA li\u00e9e \u00e0 la valeur de votre demande repris au tableau ci-dessous\u00bb<\/em><\/li>\n<\/ul>\n\n\n\n<p><em>(Il faudra mettre le tableau)<\/em><\/p>\n\n\n\n<p><strong><em>En cas de r\u00e9cup\u00e9ration<\/em><\/strong><em>&nbsp;des sommes dues<strong>,<\/strong>&nbsp;nous conservons alors les accessoires (int\u00e9r\u00eats, clauses p\u00e9nales, indemnit\u00e9 de proc\u00e9dure, etc \u2026) et vous r\u00e9cup\u00e9rer le montant de votre facture.<\/em><\/p>\n\n\n\n<p><em>En r\u00e9sum\u00e9, vous souhaitez r\u00e9clamer une facture de 2000 \u20ac devant le Tribunal mais vous avez peur de devoir faire face \u00e0 des frais avocats trop \u00e9lev\u00e9s&nbsp;?&nbsp;&nbsp;<\/em><\/p>\n\n\n\n<p><em>Selon notre syst\u00e8me, lesdits frais d\u2019avocats ne s\u2019\u00e9l\u00e8veront qu\u2019\u00e0 hauteur de &nbsp;300 \u20ac HTVA de frais d\u2019avocat dans l\u2019hypoth\u00e8se o\u00f9 malheureusement vous ne devriez pas r\u00e9cup\u00e9rer pas votre argent \u2026<\/em><\/p>\n\n\n\n<p><em>Autre exemple&nbsp;:<\/em><\/p>\n\n\n\n<p><em>Une facture de 500 \u20ac&nbsp;<\/em><em>\u00e0<\/em><em>&nbsp;les frais d\u2019avocats seront de &nbsp;187,50 \u20ac HTVA<\/em><\/p>\n\n\n\n<p><em>Une facture de 8.000 \u20ac&nbsp;<\/em><em>\u00e0<\/em><em>&nbsp;les frais d\u2019avocats seront de 750 \u20ac HTVA<\/em><\/p>\n\n\n\n<p><em>Plus aucune surprise quant au co\u00fbt de l\u2019intervention de votre conseil.<\/em><\/p>\n\n\n\n<p><em>Si la proc\u00e9dure aboutit positivement<strong>&nbsp;<\/strong>et que<strong>&nbsp;le d\u00e9biteur s\u2019acquitte de sa facture<\/strong>&nbsp;(ce que nous esp\u00e9rons \u00e9videmment et c\u2019est bien l\u00e0 notre objectif), , vous aurez r\u00e9cup\u00e9r\u00e9 votre d\u00fb tandis que nous conserverons les accessoires\u2026.chacun y est gagnant.<\/em><\/p>\n\n\n\n<p><em>Nous attirons votre attention sur le fait qu\u2019il s\u2019agit bien d\u2019un forfait. Nous ne r\u00e9clamons donc pas de frais de d\u00e9placement en plus et nous couvrons l\u2019ensemble du territoire Belge par le biais de nos correspondants dans chaque Barreau.<\/em><\/p>\n\n\n\n<p><em>Nous vous avons convaincu&nbsp;?<\/em><\/p>\n","protected":false},"excerpt":{"rendered":"<p>Le site VOSCREANCES.BE a \u00e9t\u00e9 cr\u00e9\u00e9 par la SRL VOSAVOCATS.BE. Nous avons voulu mettre un syst\u00e8me forfaitaire pour VOS r\u00e9cup\u00e9rations de cr\u00e9ances. En cas de non r\u00e9cup\u00e9ration&nbsp;des sommes dues, vous connaissez le prix forfaitaire qui vous sera r\u00e9clam\u00e9&nbsp;: (Il faudra mettre le tableau) En cas de r\u00e9cup\u00e9ration&nbsp;des sommes dues,&nbsp;nous conservons alors les accessoires (int\u00e9r\u00eats, clauses&hellip;<\/p>\n","protected":false},"author":1,"featured_media":0,"parent":0,"menu_order":0,"comment_status":"closed","ping_status":"closed","template":"","meta":{"_editorskit_title_hidden":false,"_editorskit_reading_time":0,"_editorskit_is_block_options_detached":false,"_editorskit_block_options_position":"{}","inline_featured_image":false,"footnotes":""},"class_list":["post-7","page","type-page","status-publish","hentry"],"yoast_head":"<!-- This site is optimized with the Yoast SEO plugin v27.5 - https:\/\/yoast.com\/product\/yoast-seo-wordpress\/ -->\n<title>\u00c0 propos de - VOSCREANCES.BE - L&#039;Assistant pour VOS r\u00e9cup\u00e9rations de cr\u00e9ances !<\/title>\n<meta name=\"robots\" content=\"index, follow, max-snippet:-1, max-image-preview:large, max-video-preview:-1\" \/>\n<link rel=\"canonical\" href=\"https:\/\/voscreances.be\/index.php\/a-propos-de\/\" \/>\n<meta property=\"og:locale\" content=\"fr_FR\" \/>\n<meta property=\"og:type\" content=\"article\" \/>\n<meta property=\"og:title\" content=\"\u00c0 propos de - VOSCREANCES.BE - L&#039;Assistant pour VOS r\u00e9cup\u00e9rations de cr\u00e9ances !\" \/>\n<meta property=\"og:description\" content=\"Le site VOSCREANCES.BE a \u00e9t\u00e9 cr\u00e9\u00e9 par la SRL VOSAVOCATS.BE. Nous avons voulu mettre un syst\u00e8me forfaitaire pour VOS r\u00e9cup\u00e9rations de cr\u00e9ances. En cas de non r\u00e9cup\u00e9ration&nbsp;des sommes dues, vous connaissez le prix forfaitaire qui vous sera r\u00e9clam\u00e9&nbsp;: (Il faudra mettre le tableau) En cas de r\u00e9cup\u00e9ration&nbsp;des sommes dues,&nbsp;nous conservons alors les accessoires (int\u00e9r\u00eats, clauses&hellip;\" \/>\n<meta property=\"og:url\" content=\"https:\/\/voscreances.be\/index.php\/a-propos-de\/\" \/>\n<meta property=\"og:site_name\" content=\"VOSCREANCES.BE - L&#039;Assistant pour VOS r\u00e9cup\u00e9rations de cr\u00e9ances !\" \/>\n<meta property=\"article:modified_time\" content=\"2023-01-27T11:57:27+00:00\" \/>\n<meta name=\"twitter:card\" content=\"summary_large_image\" \/>\n<meta name=\"twitter:label1\" content=\"Dur\u00e9e de lecture estim\u00e9e\" \/>\n\t<meta name=\"twitter:data1\" content=\"2 minutes\" \/>\n<script type=\"application\/ld+json\" class=\"yoast-schema-graph\">{\"@context\":\"https:\\\/\\\/schema.org\",\"@graph\":[{\"@type\":\"WebPage\",\"@id\":\"https:\\\/\\\/voscreances.be\\\/index.php\\\/a-propos-de\\\/\",\"url\":\"https:\\\/\\\/voscreances.be\\\/index.php\\\/a-propos-de\\\/\",\"name\":\"\u00c0 propos de - VOSCREANCES.BE - L&#039;Assistant pour VOS r\u00e9cup\u00e9rations de cr\u00e9ances !\",\"isPartOf\":{\"@id\":\"https:\\\/\\\/voscreances.be\\\/#website\"},\"datePublished\":\"2023-01-26T12:51:24+00:00\",\"dateModified\":\"2023-01-27T11:57:27+00:00\",\"breadcrumb\":{\"@id\":\"https:\\\/\\\/voscreances.be\\\/index.php\\\/a-propos-de\\\/#breadcrumb\"},\"inLanguage\":\"fr-FR\",\"potentialAction\":[{\"@type\":\"ReadAction\",\"target\":[\"https:\\\/\\\/voscreances.be\\\/index.php\\\/a-propos-de\\\/\"]}]},{\"@type\":\"BreadcrumbList\",\"@id\":\"https:\\\/\\\/voscreances.be\\\/index.php\\\/a-propos-de\\\/#breadcrumb\",\"itemListElement\":[{\"@type\":\"ListItem\",\"position\":1,\"name\":\"Accueil\",\"item\":\"https:\\\/\\\/voscreances.be\\\/\"},{\"@type\":\"ListItem\",\"position\":2,\"name\":\"\u00c0 propos de\"}]},{\"@type\":\"WebSite\",\"@id\":\"https:\\\/\\\/voscreances.be\\\/#website\",\"url\":\"https:\\\/\\\/voscreances.be\\\/\",\"name\":\"VOSCREANCES.BE - L&#039;Assistant pour VOS r\u00e9cup\u00e9rations de cr\u00e9ances !\",\"description\":\"R\u00e9clamez vos paiements sans soucis de frais avocats \u00e9lev\u00e9s\",\"publisher\":{\"@id\":\"https:\\\/\\\/voscreances.be\\\/#organization\"},\"potentialAction\":[{\"@type\":\"SearchAction\",\"target\":{\"@type\":\"EntryPoint\",\"urlTemplate\":\"https:\\\/\\\/voscreances.be\\\/?s={search_term_string}\"},\"query-input\":{\"@type\":\"PropertyValueSpecification\",\"valueRequired\":true,\"valueName\":\"search_term_string\"}}],\"inLanguage\":\"fr-FR\"},{\"@type\":\"Organization\",\"@id\":\"https:\\\/\\\/voscreances.be\\\/#organization\",\"name\":\"VOSCREANCES.BE - L&#039;Assistant pour VOS r\u00e9cup\u00e9rations de cr\u00e9ances !\",\"url\":\"https:\\\/\\\/voscreances.be\\\/\",\"logo\":{\"@type\":\"ImageObject\",\"inLanguage\":\"fr-FR\",\"@id\":\"https:\\\/\\\/voscreances.be\\\/#\\\/schema\\\/logo\\\/image\\\/\",\"url\":\"https:\\\/\\\/voscreances.be\\\/wp-content\\\/uploads\\\/2023\\\/01\\\/cropped-voscreances-be.png\",\"contentUrl\":\"https:\\\/\\\/voscreances.be\\\/wp-content\\\/uploads\\\/2023\\\/01\\\/cropped-voscreances-be.png\",\"width\":522,\"height\":172,\"caption\":\"VOSCREANCES.BE - L&#039;Assistant pour VOS r\u00e9cup\u00e9rations de cr\u00e9ances !\"},\"image\":{\"@id\":\"https:\\\/\\\/voscreances.be\\\/#\\\/schema\\\/logo\\\/image\\\/\"}}]}<\/script>\n<!-- \/ Yoast SEO plugin. -->","yoast_head_json":{"title":"\u00c0 propos de - VOSCREANCES.BE - L&#039;Assistant pour VOS r\u00e9cup\u00e9rations de cr\u00e9ances !","robots":{"index":"index","follow":"follow","max-snippet":"max-snippet:-1","max-image-preview":"max-image-preview:large","max-video-preview":"max-video-preview:-1"},"canonical":"https:\/\/voscreances.be\/index.php\/a-propos-de\/","og_locale":"fr_FR","og_type":"article","og_title":"\u00c0 propos de - VOSCREANCES.BE - L&#039;Assistant pour VOS r\u00e9cup\u00e9rations de cr\u00e9ances !","og_description":"Le site VOSCREANCES.BE a \u00e9t\u00e9 cr\u00e9\u00e9 par la SRL VOSAVOCATS.BE. Nous avons voulu mettre un syst\u00e8me forfaitaire pour VOS r\u00e9cup\u00e9rations de cr\u00e9ances. En cas de non r\u00e9cup\u00e9ration&nbsp;des sommes dues, vous connaissez le prix forfaitaire qui vous sera r\u00e9clam\u00e9&nbsp;: (Il faudra mettre le tableau) En cas de r\u00e9cup\u00e9ration&nbsp;des sommes dues,&nbsp;nous conservons alors les accessoires (int\u00e9r\u00eats, clauses&hellip;","og_url":"https:\/\/voscreances.be\/index.php\/a-propos-de\/","og_site_name":"VOSCREANCES.BE - L&#039;Assistant pour VOS r\u00e9cup\u00e9rations de cr\u00e9ances !","article_modified_time":"2023-01-27T11:57:27+00:00","twitter_card":"summary_large_image","twitter_misc":{"Dur\u00e9e de lecture estim\u00e9e":"2 minutes"},"schema":{"@context":"https:\/\/schema.org","@graph":[{"@type":"WebPage","@id":"https:\/\/voscreances.be\/index.php\/a-propos-de\/","url":"https:\/\/voscreances.be\/index.php\/a-propos-de\/","name":"\u00c0 propos de - VOSCREANCES.BE - L&#039;Assistant pour VOS r\u00e9cup\u00e9rations de cr\u00e9ances !","isPartOf":{"@id":"https:\/\/voscreances.be\/#website"},"datePublished":"2023-01-26T12:51:24+00:00","dateModified":"2023-01-27T11:57:27+00:00","breadcrumb":{"@id":"https:\/\/voscreances.be\/index.php\/a-propos-de\/#breadcrumb"},"inLanguage":"fr-FR","potentialAction":[{"@type":"ReadAction","target":["https:\/\/voscreances.be\/index.php\/a-propos-de\/"]}]},{"@type":"BreadcrumbList","@id":"https:\/\/voscreances.be\/index.php\/a-propos-de\/#breadcrumb","itemListElement":[{"@type":"ListItem","position":1,"name":"Accueil","item":"https:\/\/voscreances.be\/"},{"@type":"ListItem","position":2,"name":"\u00c0 propos de"}]},{"@type":"WebSite","@id":"https:\/\/voscreances.be\/#website","url":"https:\/\/voscreances.be\/","name":"VOSCREANCES.BE - L&#039;Assistant pour VOS r\u00e9cup\u00e9rations de cr\u00e9ances !","description":"R\u00e9clamez vos paiements sans soucis de frais avocats \u00e9lev\u00e9s","publisher":{"@id":"https:\/\/voscreances.be\/#organization"},"potentialAction":[{"@type":"SearchAction","target":{"@type":"EntryPoint","urlTemplate":"https:\/\/voscreances.be\/?s={search_term_string}"},"query-input":{"@type":"PropertyValueSpecification","valueRequired":true,"valueName":"search_term_string"}}],"inLanguage":"fr-FR"},{"@type":"Organization","@id":"https:\/\/voscreances.be\/#organization","name":"VOSCREANCES.BE - L&#039;Assistant pour VOS r\u00e9cup\u00e9rations de cr\u00e9ances !","url":"https:\/\/voscreances.be\/","logo":{"@type":"ImageObject","inLanguage":"fr-FR","@id":"https:\/\/voscreances.be\/#\/schema\/logo\/image\/","url":"https:\/\/voscreances.be\/wp-content\/uploads\/2023\/01\/cropped-voscreances-be.png","contentUrl":"https:\/\/voscreances.be\/wp-content\/uploads\/2023\/01\/cropped-voscreances-be.png","width":522,"height":172,"caption":"VOSCREANCES.BE - L&#039;Assistant pour VOS r\u00e9cup\u00e9rations de cr\u00e9ances !"},"image":{"@id":"https:\/\/voscreances.be\/#\/schema\/logo\/image\/"}}]}},"_links":{"self":[{"href":"https:\/\/voscreances.be\/index.php\/wp-json\/wp\/v2\/pages\/7","targetHints":{"allow":["GET"]}}],"collection":[{"href":"https:\/\/voscreances.be\/index.php\/wp-json\/wp\/v2\/pages"}],"about":[{"href":"https:\/\/voscreances.be\/index.php\/wp-json\/wp\/v2\/types\/page"}],"author":[{"embeddable":true,"href":"https:\/\/voscreances.be\/index.php\/wp-json\/wp\/v2\/users\/1"}],"replies":[{"embeddable":true,"href":"https:\/\/voscreances.be\/index.php\/wp-json\/wp\/v2\/comments?post=7"}],"version-history":[{"count":3,"href":"https:\/\/voscreances.be\/index.php\/wp-json\/wp\/v2\/pages\/7\/revisions"}],"predecessor-version":[{"id":85,"href":"https:\/\/voscreances.be\/index.php\/wp-json\/wp\/v2\/pages\/7\/revisions\/85"}],"wp:attachment":[{"href":"https:\/\/voscreances.be\/index.php\/wp-json\/wp\/v2\/media?parent=7"}],"curies":[{"name":"wp","href":"https:\/\/api.w.org\/{rel}","templated":true}]}}